{"id":39,"date":"2020-06-05T15:58:24","date_gmt":"2020-06-05T15:58:24","guid":{"rendered":"https:\/\/autovoltaic.ch\/?page_id=39"},"modified":"2024-09-26T21:02:20","modified_gmt":"2024-09-26T21:02:20","slug":"home","status":"publish","type":"page","link":"https:\/\/autovoltaic.ch\/","title":{"rendered":"Autoconstruction solaire en Suisse romande"},"content":{"rendered":"\n<h3 class=\"wp-block-heading\"><mark style=\"background-color:rgba(0, 0, 0, 0);color:#ffffff\" class=\"has-inline-color\">Trouver une organisation d&rsquo;autoconstruction<\/mark><\/h3>\n\n\n\n<h4 class=\"wp-block-heading\"><mark style=\"background-color:rgba(0, 0, 0, 0);color:#ffffff\" class=\"has-inline-color\">Installations photovolta\u00efques<\/mark><\/h4>\n\n\n\n<p class=\"has-text-color has-background\" style=\"color:#01070a;background-color:#ffffff\">R\u00e9gion Neuch\u00e2tel &#8211; 3 lacs &#8211; Jura &#8211; Jura Bernois &#8211; Vaud : <a href=\"http:\/\/www.autovoltaic-ne.ch\"><mark style=\"background-color:rgba(0, 0, 0, 0)\" class=\"has-inline-color has-accent-color\">Association Autovoltaic<\/mark><\/a><\/p>\n\n\n\n<p class=\"has-text-color has-background\" style=\"color:#010506;background-color:#ffffff\">R\u00e9gion Fribourg : <a href=\"http:\/\/www.autovoltaic-fr.ch\"><span class=\"has-inline-color has-accent-color\">Coop\u00e9rative fribourgeoise d&rsquo;autoconstruction photovolta\u00efque<\/span><\/a><\/p>\n\n\n\n<p class=\"has-background\" style=\"background-color:#ffffff\"><mark style=\"background-color:rgba(0, 0, 0, 0);color:#040606\" class=\"has-inline-color\">R\u00e9gion Valais : <\/mark><a href=\"http:\/\/www.autovoltaic-vs.ch\"><mark style=\"background-color:rgba(0, 0, 0, 0)\" class=\"has-inline-color has-accent-color\">Coop\u00e9rative valaisanne d&rsquo;autoconstruction photovolta\u00efque<\/mark><\/a><\/p>\n\n\n\n<p class=\"has-background\" style=\"background-color:#ffffff\"><mark style=\"background-color:rgba(0, 0, 0, 0);color:#040606\" class=\"has-inline-color\">R\u00e9gion Gen\u00e8ve :  <\/mark><a href=\"https:\/\/attitudesolaire.ch\" data-type=\"link\" data-id=\"https:\/\/attitudesolaire.ch\">Attitude Solaire S\u00e0rl<\/a><\/p>\n\n\n\n<p class=\"has-background\" style=\"background-color:#ffffff\">Pour la Suisse enti\u00e8re: <span style=\"color:#040606\" class=\"has-inline-color\"><a href=\"http:\/\/www.selbstbau.ch\/fr\/\">Site de la communaut\u00e9 d&rsquo;int\u00e9r\u00eat d&rsquo;autocontruction suisse<\/a><\/span><\/p>\n\n\n\n<h4 class=\"wp-block-heading\"><mark style=\"background-color:rgba(0, 0, 0, 0);color:#ffffff\" class=\"has-inline-color\">Installations solaire thermiques<\/mark><\/h4>\n\n\n\n<p class=\"has-text-color has-background\" style=\"color:#000406;background-color:#ffffff\">Pout toute la Suisse romande: <a href=\"http:\/\/www.sebasol.ch\"><span class=\"has-inline-color has-accent-color\">Association Sebasol<\/span><\/a><\/p>\n\n\n\n<h3 class=\"wp-block-heading\"><mark style=\"background-color:rgba(0, 0, 0, 0);color:#ffffff\" class=\"has-inline-color\">Ressources<\/mark><\/h3>\n\n\n\n<div class=\"wp-block-media-text has-media-on-the-right is-stacked-on-mobile is-vertically-aligned-center is-image-fill has-background\" style=\"background-color:#ffffff;grid-template-columns:auto 29%\"><div class=\"wp-block-media-text__content\">\n<p class=\"has-background\" style=\"background-color:#ffffff\">Le guide de l&rsquo;autoconstruction<br>(<a href=\"https:\/\/autovoltaic.ch\/wp-content\/uploads\/2023\/02\/Autoconstruction_LeGuide_fr.pdf\">t\u00e9l\u00e9charger ici<\/a>)<\/p>\n<\/div><figure class=\"wp-block-media-text__media\" style=\"background-image:url(https:\/\/autovoltaic.ch\/wp-content\/uploads\/2023\/02\/LeGuide.png);background-position:50% 50%\"><img loading=\"lazy\" decoding=\"async\" width=\"538\" height=\"763\" src=\"https:\/\/autovoltaic.ch\/wp-content\/uploads\/2023\/02\/LeGuide.png\" alt=\"\" class=\"wp-image-123 size-full\" srcset=\"https:\/\/autovoltaic.ch\/wp-content\/uploads\/2023\/02\/LeGuide.png 538w, https:\/\/autovoltaic.ch\/wp-content\/uploads\/2023\/02\/LeGuide-212x300.png 212w\" sizes=\"auto, (max-width: 538px) 100vw, 538px\" \/><\/figure><\/div>\n\n\n\n<div class=\"wp-block-media-text has-media-on-the-right is-stacked-on-mobile is-vertically-aligned-center is-image-fill has-background\" style=\"background-color:#ffffff;grid-template-columns:auto 29%\"><div class=\"wp-block-media-text__content\">\n<p class=\"has-background\" style=\"background-color:#ffffff\">Manuel pour l&rsquo;autoconstruction<br><a href=\"https:\/\/autovoltaic.ch\/wp-content\/uploads\/2020\/06\/manuel_autoconstruction.pdf\">(t\u00e9l\u00e9charger ici)<\/a><\/p>\n<\/div><figure class=\"wp-block-media-text__media\" style=\"background-image:url(https:\/\/autovoltaic.ch\/wp-content\/uploads\/2020\/06\/pict_manual.png);background-position:50% 50%\"><img loading=\"lazy\" decoding=\"async\" width=\"604\" height=\"856\" src=\"https:\/\/autovoltaic.ch\/wp-content\/uploads\/2020\/06\/pict_manual.png\" alt=\"\" class=\"wp-image-90 size-full\" srcset=\"https:\/\/autovoltaic.ch\/wp-content\/uploads\/2020\/06\/pict_manual.png 604w, https:\/\/autovoltaic.ch\/wp-content\/uploads\/2020\/06\/pict_manual-212x300.png 212w\" sizes=\"auto, (max-width: 604px) 100vw, 604px\" \/><\/figure><\/div>\n\n\n\n<p><\/p>\n","protected":false},"excerpt":{"rendered":"<p>Trouver une organisation d&rsquo;autoconstruction Installations photovolta\u00efques R\u00e9gion Neuch\u00e2tel &#8211; 3 lacs &#8211; Jura &#8211; Jura Bernois &#8211; Vaud : Association Autovoltaic R\u00e9gion Fribourg : Coop\u00e9rative fribourgeoise d&rsquo;autoconstruction photovolta\u00efque R\u00e9gion Valais : Coop\u00e9rative valaisanne d&rsquo;autoconstruction photovolta\u00efque R\u00e9gion Gen\u00e8ve : Attitude Solaire S\u00e0rl Pour la Suisse enti\u00e8re: Site de la communaut\u00e9 d&rsquo;int\u00e9r\u00eat d&rsquo;autocontruction suisse Installations solaire thermiques [&hellip;]<\/p>\n","protected":false},"author":1,"featured_media":0,"parent":0,"menu_order":0,"comment_status":"closed","ping_status":"closed","template":"","meta":{"footnotes":""},"class_list":["post-39","page","type-page","status-publish","hentry"],"_links":{"self":[{"href":"https:\/\/autovoltaic.ch\/index.php?rest_route=\/wp\/v2\/pages\/39","targetHints":{"allow":["GET"]}}],"collection":[{"href":"https:\/\/autovoltaic.ch\/index.php?rest_route=\/wp\/v2\/pages"}],"about":[{"href":"https:\/\/autovoltaic.ch\/index.php?rest_route=\/wp\/v2\/types\/page"}],"author":[{"embeddable":true,"href":"https:\/\/autovoltaic.ch\/index.php?rest_route=\/wp\/v2\/users\/1"}],"replies":[{"embeddable":true,"href":"https:\/\/autovoltaic.ch\/index.php?rest_route=%2Fwp%2Fv2%2Fcomments&post=39"}],"version-history":[{"count":31,"href":"https:\/\/autovoltaic.ch\/index.php?rest_route=\/wp\/v2\/pages\/39\/revisions"}],"predecessor-version":[{"id":132,"href":"https:\/\/autovoltaic.ch\/index.php?rest_route=\/wp\/v2\/pages\/39\/revisions\/132"}],"wp:attachment":[{"href":"https:\/\/autovoltaic.ch\/index.php?rest_route=%2Fwp%2Fv2%2Fmedia&parent=39"}],"curies":[{"name":"wp","href":"https:\/\/api.w.org\/{rel}","templated":true}]}}